{"id":710,"date":"2018-10-08T21:44:18","date_gmt":"2018-10-08T20:44:18","guid":{"rendered":"http:\/\/gggeigen.blogimnetz.de\/?page_id=710"},"modified":"2025-11-18T21:31:50","modified_gmt":"2025-11-18T20:31:50","slug":"vermietung","status":"publish","type":"page","link":"https:\/\/gggeigen.de\/index.php\/vermietung\/","title":{"rendered":"Vermietung"},"content":{"rendered":"\t\t<div data-elementor-type=\"wp-page\" data-elementor-id=\"710\" class=\"elementor elementor-710\">\n\t\t\t\t\t\t<section class=\"elementor-section elementor-top-section elementor-element elementor-element-164e97c elementor-section-boxed elementor-section-height-default elementor-section-height-default\" data-id=\"164e97c\" data-element_type=\"section\" data-e-type=\"section\" data-settings=\"{&quot;background_background&quot;:&quot;classic&quot;}\">\n\t\t\t\t\t\t<div class=\"elementor-container elementor-column-gap-default\">\n\t\t\t\t\t<div class=\"elementor-column elementor-col-100 elementor-top-column elementor-element elementor-element-892f649\" data-id=\"892f649\" data-element_type=\"column\" data-e-type=\"column\" data-settings=\"{&quot;background_background&quot;:&quot;classic&quot;}\">\n\t\t\t<div class=\"elementor-widget-wrap elementor-element-populated\">\n\t\t\t\t\t\t<div class=\"elementor-element elementor-element-e77c76f elementor-widget elementor-widget-heading\" data-id=\"e77c76f\" data-element_type=\"widget\" data-e-type=\"widget\" data-widget_type=\"heading.default\">\n\t\t\t\t<div class=\"elementor-widget-container\">\n\t\t\t\t\t<h2 class=\"elementor-heading-title elementor-size-default\">Vermietung<\/h2>\t\t\t\t<\/div>\n\t\t\t\t<\/div>\n\t\t\t\t\t<\/div>\n\t\t<\/div>\n\t\t\t\t\t<\/div>\n\t\t<\/section>\n\t\t\t\t<section class=\"elementor-section elementor-top-section elementor-element elementor-element-55c2f34 elementor-section-boxed elementor-section-height-default elementor-section-height-default\" data-id=\"55c2f34\" data-element_type=\"section\" data-e-type=\"section\" data-settings=\"{&quot;background_background&quot;:&quot;classic&quot;}\">\n\t\t\t\t\t\t<div class=\"elementor-container elementor-column-gap-default\">\n\t\t\t\t\t<div class=\"elementor-column elementor-col-50 elementor-top-column elementor-element elementor-element-44bb8a9\" data-id=\"44bb8a9\" data-element_type=\"column\" data-e-type=\"column\" data-settings=\"{&quot;background_background&quot;:&quot;classic&quot;}\">\n\t\t\t<div class=\"elementor-widget-wrap elementor-element-populated\">\n\t\t\t\t\t\t<div class=\"elementor-element elementor-element-4e42a17 elementor-widget elementor-widget-image\" data-id=\"4e42a17\" data-element_type=\"widget\" data-e-type=\"widget\" data-widget_type=\"image.default\">\n\t\t\t\t<div class=\"elementor-widget-container\">\n\t\t\t\t\t\t\t\t\t\t\t\t\t\t\t<img fetchpriority=\"high\" decoding=\"async\" width=\"1000\" height=\"662\" src=\"https:\/\/gggeigen.de\/wp-content\/uploads\/Clemens-Geigenbau-klein-6670.jpg\" class=\"attachment-1536x1536 size-1536x1536 wp-image-2159\" alt=\"\" srcset=\"https:\/\/gggeigen.de\/wp-content\/uploads\/Clemens-Geigenbau-klein-6670.jpg 1000w, https:\/\/gggeigen.de\/wp-content\/uploads\/Clemens-Geigenbau-klein-6670-300x199.jpg 300w, https:\/\/gggeigen.de\/wp-content\/uploads\/Clemens-Geigenbau-klein-6670-150x99.jpg 150w, https:\/\/gggeigen.de\/wp-content\/uploads\/Clemens-Geigenbau-klein-6670-768x508.jpg 768w, https:\/\/gggeigen.de\/wp-content\/uploads\/Clemens-Geigenbau-klein-6670-830x549.jpg 830w, https:\/\/gggeigen.de\/wp-content\/uploads\/Clemens-Geigenbau-klein-6670-230x152.jpg 230w, https:\/\/gggeigen.de\/wp-content\/uploads\/Clemens-Geigenbau-klein-6670-350x232.jpg 350w, https:\/\/gggeigen.de\/wp-content\/uploads\/Clemens-Geigenbau-klein-6670-480x318.jpg 480w\" sizes=\"(max-width: 1000px) 100vw, 1000px\" \/>\t\t\t\t\t\t\t\t\t\t\t\t\t\t\t<\/div>\n\t\t\t\t<\/div>\n\t\t\t\t\t<\/div>\n\t\t<\/div>\n\t\t\t\t<div class=\"elementor-column elementor-col-50 elementor-top-column elementor-element elementor-element-7e94df34\" data-id=\"7e94df34\" data-element_type=\"column\" data-e-type=\"column\" data-settings=\"{&quot;background_background&quot;:&quot;classic&quot;}\">\n\t\t\t<div class=\"elementor-widget-wrap elementor-element-populated\">\n\t\t\t\t\t\t<div class=\"elementor-element elementor-element-3cea786d elementor-widget elementor-widget-text-editor\" data-id=\"3cea786d\" data-element_type=\"widget\" data-e-type=\"widget\" data-widget_type=\"text-editor.default\">\n\t\t\t\t<div class=\"elementor-widget-container\">\n\t\t\t\t\t\t\t\t\t<p>Bei &#8222;Giles Gomez Geigenbau&#8220; k\u00f6nnen Sie, soweit vorr\u00e4tig, alle Gr\u00f6\u00dfen von Violinen\/Geigen, Violas\/Bratschen und Celli\/Cellos leihen.<\/p><p>Die monatlichen Preise sind wie folgt:<\/p><ul><li style=\"text-align: left;\">Geige: ab 15,- \u20ac<\/li><li style=\"text-align: left;\">Viola:\u00a0 ab 15,- \u20ac<\/li><li style=\"text-align: left;\">Cello:\u00a0 ab 22,- \u20ac<\/li><\/ul><p>Mindestlaufzeit 6 Monate. Kurzausleihen sind nach Absprache m\u00f6glich.<br \/>Bei Unklarheiten fragen Sie mich bitte.<\/p><p>In der Galerie finden Sie unter anderem eine Auswahl auch zu vermietender Instrumente.<\/p>\t\t\t\t\t\t\t\t<\/div>\n\t\t\t\t<\/div>\n\t\t\t\t\t<\/div>\n\t\t<\/div>\n\t\t\t\t\t<\/div>\n\t\t<\/section>\n\t\t\t\t<section class=\"elementor-section elementor-top-section elementor-element elementor-element-65bbd74 elementor-section-boxed elementor-section-height-default elementor-section-height-default\" data-id=\"65bbd74\" data-element_type=\"section\" data-e-type=\"section\" data-settings=\"{&quot;background_background&quot;:&quot;classic&quot;}\">\n\t\t\t\t\t\t<div class=\"elementor-container elementor-column-gap-default\">\n\t\t\t\t\t<div class=\"elementor-column elementor-col-100 elementor-top-column elementor-element elementor-element-11bf93e\" data-id=\"11bf93e\" data-element_type=\"column\" data-e-type=\"column\" data-settings=\"{&quot;background_background&quot;:&quot;classic&quot;}\">\n\t\t\t<div class=\"elementor-widget-wrap elementor-element-populated\">\n\t\t\t\t\t\t<div class=\"elementor-element elementor-element-c7abb36 elementor-widget elementor-widget-heading\" data-id=\"c7abb36\" data-element_type=\"widget\" data-e-type=\"widget\" data-widget_type=\"heading.default\">\n\t\t\t\t<div class=\"elementor-widget-container\">\n\t\t\t\t\t<h4 class=\"elementor-heading-title elementor-size-default\"><a href=\"https:\/\/gggeigen.de\/index.php\/galerie-deutsch\/\">Zu \"Instrumente\"<\/a><\/h4>\t\t\t\t<\/div>\n\t\t\t\t<\/div>\n\t\t\t\t\t<\/div>\n\t\t<\/div>\n\t\t\t\t\t<\/div>\n\t\t<\/section>\n\t\t\t\t<\/div>\n\t\t","protected":false},"excerpt":{"rendered":"<p>Vermietung Bei &#8222;Giles Gomez Geigenbau&#8220; k\u00f6nnen Sie, soweit vorr\u00e4tig, alle Gr\u00f6\u00dfen von Violinen\/Geigen, Violas\/Bratschen und Celli\/Cellos leihen. Die monatlichen Preise sind wie folgt: Geige: ab 15,- \u20ac Viola:\u00a0 ab 15,- \u20ac Cello:\u00a0 ab 22,- \u20ac Mindestlaufzeit 6 Monate. Kurzausleihen sind nach Absprache m\u00f6glich.Bei Unklarheiten fragen Sie mich bitte. In der Galerie finden Sie unter anderem [&hellip;]<\/p>\n","protected":false},"author":2,"featured_media":0,"parent":0,"menu_order":0,"comment_status":"closed","ping_status":"closed","template":"elementor_header_footer","meta":{"footnotes":""},"class_list":["post-710","page","type-page","status-publish","hentry"],"_links":{"self":[{"href":"https:\/\/gggeigen.de\/index.php\/wp-json\/wp\/v2\/pages\/710","targetHints":{"allow":["GET"]}}],"collection":[{"href":"https:\/\/gggeigen.de\/index.php\/wp-json\/wp\/v2\/pages"}],"about":[{"href":"https:\/\/gggeigen.de\/index.php\/wp-json\/wp\/v2\/types\/page"}],"author":[{"embeddable":true,"href":"https:\/\/gggeigen.de\/index.php\/wp-json\/wp\/v2\/users\/2"}],"replies":[{"embeddable":true,"href":"https:\/\/gggeigen.de\/index.php\/wp-json\/wp\/v2\/comments?post=710"}],"version-history":[{"count":129,"href":"https:\/\/gggeigen.de\/index.php\/wp-json\/wp\/v2\/pages\/710\/revisions"}],"predecessor-version":[{"id":6756,"href":"https:\/\/gggeigen.de\/index.php\/wp-json\/wp\/v2\/pages\/710\/revisions\/6756"}],"wp:attachment":[{"href":"https:\/\/gggeigen.de\/index.php\/wp-json\/wp\/v2\/media?parent=710"}],"curies":[{"name":"wp","href":"https:\/\/api.w.org\/{rel}","templated":true}]}}